{"id":44,"date":"2023-10-11T08:54:33","date_gmt":"2023-10-11T08:54:33","guid":{"rendered":"http:\/\/tobiashartung.de\/?page_id=44"},"modified":"2023-10-11T09:31:38","modified_gmt":"2023-10-11T09:31:38","slug":"homepage","status":"publish","type":"page","link":"https:\/\/tobiashartung.de\/?page_id=44","title":{"rendered":""},"content":{"rendered":"\n<p><\/p>\n\n\n\n<p><\/p>\n\n\n\n<p><\/p>\n\n\n\n<p><\/p>\n\n\n\n<p><\/p>\n\n\n\n<p>Dies ist eine Beispielseite. Sie k\u00f6nnte erz\u00e4hlen, was ich tags\u00fcber mache, womit ich gerne<\/p>\n\n\n\n<p>meine Zeit verbringe, dass ich in Kassel lebe und keinen Hund namens Jack habe, aber<\/p>\n\n\n\n<p>die Jahreszeit Herbst sehr gerne mag.<\/p>\n\n\n\n<p><\/p>\n\n\n\n<p>Ich wei\u00df, als neuer WordPress-Nutzer sollte ich zu meinem Dashoboard gehen, um diese<\/p>\n\n\n\n<p>Beispielseite zu entfernen und schnellstm\u00f6glichst spannende Inhalte auf meine Website<\/p>\n\n\n\n<p>einstellen, die Besucherinnen und Besucher interessieren &#8230; ich arbeite noch daran.<\/p>\n","protected":false},"excerpt":{"rendered":"<p>Dies ist eine Beispielseite. Sie k\u00f6nnte erz\u00e4hlen, was ich tags\u00fcber mache, womit ich gerne meine Zeit verbringe, dass ich in Kassel lebe und keinen Hund namens Jack habe, aber die Jahreszeit Herbst sehr gerne mag. Ich wei\u00df, als neuer WordPress-Nutzer sollte ich zu meinem Dashoboard gehen, um diese Beispielseite zu entfernen und schnellstm\u00f6glichst spannende Inhalte [&hellip;]<\/p>\n","protected":false},"author":1,"featured_media":0,"parent":0,"menu_order":0,"comment_status":"closed","ping_status":"closed","template":"","meta":{"footnotes":""},"_links":{"self":[{"href":"https:\/\/tobiashartung.de\/index.php?rest_route=\/wp\/v2\/pages\/44"}],"collection":[{"href":"https:\/\/tobiashartung.de\/index.php?rest_route=\/wp\/v2\/pages"}],"about":[{"href":"https:\/\/tobiashartung.de\/index.php?rest_route=\/wp\/v2\/types\/page"}],"author":[{"embeddable":true,"href":"https:\/\/tobiashartung.de\/index.php?rest_route=\/wp\/v2\/users\/1"}],"replies":[{"embeddable":true,"href":"https:\/\/tobiashartung.de\/index.php?rest_route=%2Fwp%2Fv2%2Fcomments&post=44"}],"version-history":[{"count":4,"href":"https:\/\/tobiashartung.de\/index.php?rest_route=\/wp\/v2\/pages\/44\/revisions"}],"predecessor-version":[{"id":63,"href":"https:\/\/tobiashartung.de\/index.php?rest_route=\/wp\/v2\/pages\/44\/revisions\/63"}],"wp:attachment":[{"href":"https:\/\/tobiashartung.de\/index.php?rest_route=%2Fwp%2Fv2%2Fmedia&parent=44"}],"curies":[{"name":"wp","href":"https:\/\/api.w.org\/{rel}","templated":true}]}}